{"id":512,"date":"2025-06-21T16:27:26","date_gmt":"2025-06-21T14:27:26","guid":{"rendered":"http:\/\/gagatki.com.pl\/?page_id=512"},"modified":"2026-04-04T12:46:13","modified_gmt":"2026-04-04T10:46:13","slug":"warsztaty","status":"publish","type":"page","link":"http:\/\/gagatki.com.pl\/index.php\/warsztaty\/","title":{"rendered":"Warsztaty"},"content":{"rendered":"\n<p>W gabinecie oraz w miejscach, z kt\u00f3rymi wsp\u00f3\u0142pracujemy, organizujemy warsztaty dla rodzic\u00f3w <br>i dzieci o r\u00f3\u017cnej tematyce. <br><\/p>\n\n\n\n<p>Lista warsztat\u00f3w dost\u0119pna jest poni\u017cej: <\/p>\n\n\n\n<ul class=\"wp-block-list\">\n<li>9 maja 2026 r., <a href=\"https:\/\/fb.me\/e\/3E52xKyHt\" data-type=\"link\" data-id=\"https:\/\/fb.me\/e\/3E52xKyHt\">Warsztaty Pierwsza Pomoc &#8211; dzieci i niemowl\u0119ta<\/a><\/li>\n\n\n\n<li>7 marca 2026 r., <a href=\"https:\/\/fb.me\/e\/7bfM4w1RUv\" data-type=\"link\" data-id=\"https:\/\/fb.me\/e\/7bfM4w1RUv\">Od nitki do formy &#8211; warsztaty tkackie na kro\u015bnie DIY<br><\/a><\/li>\n\n\n\n<li>24 stycznia 2026 r., <a href=\"https:\/\/fb.me\/e\/5to1oLvRm\" data-type=\"link\" data-id=\"https:\/\/fb.me\/e\/5to1oLvRm\">Warsztaty Pierwsza Pomoc &#8211; dzieci i niemowl\u0119ta<\/a><br><\/li>\n\n\n\n<li>13 grudnia 2025 r., <a href=\"https:\/\/fb.me\/e\/3UlbcDbHV\" data-type=\"link\" data-id=\"https:\/\/fb.me\/e\/3UlbcDbHV\">\u015awi\u0105teczne warsztaty plastyczne dla dzieci<\/a><br><\/li>\n\n\n\n<li>15 listopada 2025 r., <a href=\"https:\/\/fb.me\/e\/2YbwWjKjM\" data-type=\"link\" data-id=\"https:\/\/fb.me\/e\/2YbwWjKjM\">Warsztaty plastyczne dla dzieci &#8211; Jesienne dynie w stylu neurografiki<\/a><br><\/li>\n\n\n\n<li>17 pa\u017adziernika 2025 r., <a href=\"https:\/\/fb.me\/e\/3Squku9UT\" data-type=\"link\" data-id=\"https:\/\/fb.me\/e\/3Squku9UT\">Warsztaty Pierwsza Pomoc &#8211; dzieci i niemowl\u0119ta<\/a><br><\/li>\n\n\n\n<li>24 wrze\u015bnia 2025 r., <a href=\"https:\/\/fb.me\/e\/55lIX1yBe\" data-type=\"link\" data-id=\"https:\/\/fb.me\/e\/55lIX1yBe\">Warsztaty Pierwsza Pomoc &#8211; dzieci i niemowl\u0119ta<\/a><br><\/li>\n\n\n\n<li>30 sierpnia 2025 r., <a href=\"https:\/\/fb.me\/e\/5hNKdj72Z\" data-type=\"link\" data-id=\"https:\/\/fb.me\/e\/5hNKdj72Z\">Warsztaty Pierwsza Pomoc &#8211; dzieci i niemowl\u0119ta<\/a><br><\/li>\n\n\n\n<li>26 kwietnia 2025 r., <a href=\"https:\/\/www.facebook.com\/events\/1276362386768949\" data-type=\"link\" data-id=\"https:\/\/www.facebook.com\/events\/1276362386768949\">Warsztaty muzyczne dla dzieci 0-3 lata: zabawy muzyczne wspieraj\u0105ce rozw\u00f3j mowy<\/a><br><\/li>\n\n\n\n<li>12 kwietnia 2025 r., <a href=\"https:\/\/www.facebook.com\/events\/2813441478858001\" data-type=\"link\" data-id=\"https:\/\/www.facebook.com\/events\/2813441478858001\">Warsztaty dla rodzic\u00f3w z logoped\u0105: rozw\u00f3j mowy i artykulacji<\/a><br><\/li>\n\n\n\n<li>26 marca 2025 r., <a href=\"https:\/\/www.facebook.com\/events\/1826893248134588\" data-type=\"link\" data-id=\"https:\/\/www.facebook.com\/events\/1826893248134588\">Pogadajmy o rozszerzaniu diety &#8211; warsztaty z logoped\u0105<\/a><br><\/li>\n\n\n\n<li>22 marca 2025 r., <a href=\"https:\/\/www.facebook.com\/events\/1042742604340351\" data-type=\"link\" data-id=\"https:\/\/www.facebook.com\/events\/1042742604340351\">Warsztaty dla rodzic\u00f3w z logoped\u0105: rozw\u00f3j funkcji prymarnych i pozycje spoczynkowe<\/a><br><br><\/li>\n<\/ul>\n","protected":false},"excerpt":{"rendered":"<p>W gabinecie oraz w miejscach, z kt\u00f3rymi wsp\u00f3\u0142pracujemy, organizujemy warsztaty dla rodzic\u00f3w i dzieci o r\u00f3\u017cnej tematyce. Lista warsztat\u00f3w dost\u0119pna jest poni\u017cej:<\/p>\n","protected":false},"author":1,"featured_media":0,"parent":0,"menu_order":0,"comment_status":"closed","ping_status":"closed","template":"","meta":{"footnotes":""},"class_list":["post-512","page","type-page","status-publish","hentry"],"_links":{"self":[{"href":"http:\/\/gagatki.com.pl\/index.php\/wp-json\/wp\/v2\/pages\/512","targetHints":{"allow":["GET"]}}],"collection":[{"href":"http:\/\/gagatki.com.pl\/index.php\/wp-json\/wp\/v2\/pages"}],"about":[{"href":"http:\/\/gagatki.com.pl\/index.php\/wp-json\/wp\/v2\/types\/page"}],"author":[{"embeddable":true,"href":"http:\/\/gagatki.com.pl\/index.php\/wp-json\/wp\/v2\/users\/1"}],"replies":[{"embeddable":true,"href":"http:\/\/gagatki.com.pl\/index.php\/wp-json\/wp\/v2\/comments?post=512"}],"version-history":[{"count":12,"href":"http:\/\/gagatki.com.pl\/index.php\/wp-json\/wp\/v2\/pages\/512\/revisions"}],"predecessor-version":[{"id":797,"href":"http:\/\/gagatki.com.pl\/index.php\/wp-json\/wp\/v2\/pages\/512\/revisions\/797"}],"wp:attachment":[{"href":"http:\/\/gagatki.com.pl\/index.php\/wp-json\/wp\/v2\/media?parent=512"}],"curies":[{"name":"wp","href":"https:\/\/api.w.org\/{rel}","templated":true}]}}