{"id":503,"date":"2025-06-21T16:25:12","date_gmt":"2025-06-21T14:25:12","guid":{"rendered":"http:\/\/gagatki.com.pl\/?page_id=503"},"modified":"2026-04-03T21:25:27","modified_gmt":"2026-04-03T19:25:27","slug":"zajecia-ogolnorozwojowe","status":"publish","type":"page","link":"http:\/\/gagatki.com.pl\/index.php\/zajecia-ogolnorozwojowe\/","title":{"rendered":"Zaj\u0119cia og\u00f3lnorozwojowe"},"content":{"rendered":"\n<p>To zaj\u0119cia stworzone z my\u015bl\u0105 o dzieciach w wieku przedszkolnym i wczesnoszkolnym, kt\u00f3re potrzebuj\u0105 dodatkowego wsparcia w uczeniu si\u0119, koncentracji, regulacji emocji <br>i funkcjonowaniu w grupie. Spotkania maj\u0105 form\u0119 indywidualnej pracy pedagogicznej, prowadzone s\u0105 w spokojnej atmosferze i dostosowane do mo\u017cliwo\u015bci dziecka.<br>Podczas zaj\u0119\u0107 rozwijane s\u0105 kluczowe obszary funkcjonowania: funkcje poznawcze<br>(uwaga, pami\u0119\u0107, my\u015blenie), funkcje wykonawcze (planowanie, organizacja dzia\u0142ania,<br>elastyczno\u015b\u0107 poznawcza), umiej\u0119tno\u015bci spo\u0142eczno-emocjonalne (komunikacja,<br>wsp\u00f3\u0142praca, asertywno\u015b\u0107, budowanie pewno\u015bci siebie) oraz kompetencje szkolne \u2013<br>zw\u0142aszcza w zakresie czytania i pisania. Dzia\u0142ania wspieraj\u0105 rozw\u00f3j intelektualny, emocjonalny <br>i spo\u0142eczny dziecka, wzmacniaj\u0105 samodzielno\u015b\u0107 w my\u015bleniu i dzia\u0142aniu oraz buduj\u0105 poczucie sprawczo\u015bci i wiary we w\u0142asne mo\u017cliwo\u015bci.<\/p>\n\n\n\n<div class=\"wp-block-buttons is-layout-flex wp-block-buttons-is-layout-flex\">\n<div class=\"wp-block-button\"><a class=\"wp-block-button__link wp-element-button\" href=\"https:\/\/gagatki-gabinet-logopedyczny-olga-koziarek.reservio.com\">Zarezerwuj teraz<\/a><\/div>\n<\/div>\n\n\n\n<p><\/p>\n\n\n\n<p>S\u0105 to zaj\u0119cia dla dzieci, kt\u00f3re:<\/p>\n\n\n\n<ul class=\"wp-block-list\">\n<li>maj\u0105 trudno\u015b\u0107 z koncentracj\u0105 uwagi i organizacj\u0105 dzia\u0142ania,<\/li>\n\n\n\n<li>szybko si\u0119 zniech\u0119caj\u0105 lub rezygnuj\u0105 z podj\u0119tego zadania,<\/li>\n\n\n\n<li>maj\u0105 trudno\u015bci w uczeniu si\u0119 czytania i pisania,<\/li>\n\n\n\n<li>wykazuj\u0105 impulsywno\u015b\u0107 lub trudno\u015b\u0107 w regulowaniu emocji,<\/li>\n\n\n\n<li>s\u0105 wra\u017cliwe emocjonalnie, wycofane lub niepewne siebie,<\/li>\n\n\n\n<li>maj\u0105 trudno\u015b\u0107 w relacjach z r\u00f3wie\u015bnikami,<\/li>\n\n\n\n<li>rozwijaj\u0105 si\u0119 w spos\u00f3b nier\u00f3wnomierny, cho\u0107 nie posiadaj\u0105 diagnozy ani<br>orzeczenia.<\/li>\n<\/ul>\n\n\n\n<p>Cele zaj\u0119\u0107:<\/p>\n\n\n\n<ul class=\"wp-block-list\">\n<li>wspieranie rozwoju funkcji poznawczych i wykonawczych,<\/li>\n\n\n\n<li>rozwijanie umiej\u0119tno\u015bci emocjonalnych i spo\u0142ecznych,<\/li>\n\n\n\n<li>wzmacnianie motywacji i samodzielno\u015bci w dzia\u0142aniu,<\/li>\n\n\n\n<li>budowanie wiary w siebie i pozytywnego obrazu w\u0142asnej osoby,<\/li>\n\n\n\n<li>poprawa umiej\u0119tno\u015bci szkolnych \u2013 czytania, pisania, rozumienia polece\u0144,<\/li>\n\n\n\n<li>rozw\u00f3j kompetencji potrzebnych do lepszego funkcjonowania w grupie <br>i w szkole.<\/li>\n<\/ul>\n\n\n\n<p>Dodatkowo wzmacniamy kompetencje emocjonalno-spo\u0142eczne: budowanie<br>pewno\u015bci siebie, wyra\u017canie emocji w akceptowalny spos\u00f3b, wsp\u00f3\u0142prac\u0119 <br>i komunikacj\u0119 z innymi.<\/p>\n","protected":false},"excerpt":{"rendered":"<p>To zaj\u0119cia stworzone z my\u015bl\u0105 o dzieciach w wieku przedszkolnym i wczesnoszkolnym, kt\u00f3re potrzebuj\u0105 dodatkowego wsparcia w uczeniu si\u0119, koncentracji, regulacji emocji i funkcjonowaniu w grupie. Spotkania maj\u0105 form\u0119 indywidualnej pracy pedagogicznej, prowadzone s\u0105 w spokojnej atmosferze i dostosowane do mo\u017cliwo\u015bci dziecka.Podczas zaj\u0119\u0107 rozwijane s\u0105 kluczowe obszary funkcjonowania: funkcje poznawcze(uwaga, pami\u0119\u0107, my\u015blenie), funkcje wykonawcze (planowanie, &hellip; <\/p>\n<p class=\"link-more\"><a href=\"http:\/\/gagatki.com.pl\/index.php\/zajecia-ogolnorozwojowe\/\" class=\"more-link\">Czytaj dalej<span class=\"screen-reader-text\"> \u201eZaj\u0119cia og\u00f3lnorozwojowe\u201d<\/span><\/a><\/p>\n","protected":false},"author":1,"featured_media":0,"parent":0,"menu_order":0,"comment_status":"closed","ping_status":"closed","template":"","meta":{"footnotes":""},"class_list":["post-503","page","type-page","status-publish","hentry"],"_links":{"self":[{"href":"http:\/\/gagatki.com.pl\/index.php\/wp-json\/wp\/v2\/pages\/503","targetHints":{"allow":["GET"]}}],"collection":[{"href":"http:\/\/gagatki.com.pl\/index.php\/wp-json\/wp\/v2\/pages"}],"about":[{"href":"http:\/\/gagatki.com.pl\/index.php\/wp-json\/wp\/v2\/types\/page"}],"author":[{"embeddable":true,"href":"http:\/\/gagatki.com.pl\/index.php\/wp-json\/wp\/v2\/users\/1"}],"replies":[{"embeddable":true,"href":"http:\/\/gagatki.com.pl\/index.php\/wp-json\/wp\/v2\/comments?post=503"}],"version-history":[{"count":6,"href":"http:\/\/gagatki.com.pl\/index.php\/wp-json\/wp\/v2\/pages\/503\/revisions"}],"predecessor-version":[{"id":794,"href":"http:\/\/gagatki.com.pl\/index.php\/wp-json\/wp\/v2\/pages\/503\/revisions\/794"}],"wp:attachment":[{"href":"http:\/\/gagatki.com.pl\/index.php\/wp-json\/wp\/v2\/media?parent=503"}],"curies":[{"name":"wp","href":"https:\/\/api.w.org\/{rel}","templated":true}]}}