{"id":501,"date":"2025-06-21T16:24:12","date_gmt":"2025-06-21T14:24:12","guid":{"rendered":"http:\/\/gagatki.com.pl\/?page_id=501"},"modified":"2026-04-03T21:24:55","modified_gmt":"2026-04-03T19:24:55","slug":"terapia-reki","status":"publish","type":"page","link":"http:\/\/gagatki.com.pl\/index.php\/terapia-reki\/","title":{"rendered":"Terapia r\u0119ki"},"content":{"rendered":"\n<p>Terapia r\u0119ki to zaj\u0119cia wspieraj\u0105ce rozw\u00f3j sprawno\u015bci motorycznej dziecka \u2013 szczeg\u00f3lnie <br>w zakresie ma\u0142ej motoryki, czyli precyzyjnych ruch\u00f3w d\u0142oni i palc\u00f3w. Obejmuje tak\u017ce rozw\u00f3j funkcji zwi\u0105zanych z dotykiem, koordynacj\u0105 wzrokowo-ruchow\u0105, planowaniem ruch\u00f3w oraz samoobs\u0142ug\u0105.<\/p>\n\n\n\n<div class=\"wp-block-buttons is-layout-flex wp-block-buttons-is-layout-flex\">\n<div class=\"wp-block-button\"><a class=\"wp-block-button__link wp-element-button\" href=\"https:\/\/gagatki-gabinet-logopedyczny-olga-koziarek.reservio.com\">Zarezerwuj teraz<\/a><\/div>\n<\/div>\n\n\n\n<p><\/p>\n\n\n\n<p>S\u0105 to zaj\u0119cia dla dzieci, kt\u00f3re:<\/p>\n\n\n\n<ul class=\"wp-block-list\">\n<li>maj\u0105 trudno\u015bci z trzymaniem narz\u0119dzi do pisania, no\u017cyczek, sztu\u0107c\u00f3w,<\/li>\n\n\n\n<li>niech\u0119tnie podejmuj\u0105 aktywno\u015bci manualne (rysowanie, lepienie, budowanie),<\/li>\n\n\n\n<li>m\u0119cz\u0105 si\u0119 podczas pisania, prac graficznych lub maj\u0105 nieczytelne pismo,<\/li>\n\n\n\n<li>maj\u0105 trudno\u015bci z m.in. zapinaniem guzik\u00f3w, wi\u0105zaniem but\u00f3w, cz\u0119sto<br>upuszczaj\u0105 przedmioty,<\/li>\n\n\n\n<li>przejawiaj\u0105 obni\u017cone lub wzmo\u017cone napi\u0119cie mi\u0119\u015bniowe w obr\u0119bie ko\u0144czyn<br>g\u00f3rnych.<\/li>\n<\/ul>\n\n\n\n<p>G\u0142\u00f3wne cele terapii r\u0119ki to:<\/p>\n\n\n\n<ul class=\"wp-block-list\">\n<li>poprawa sprawno\u015bci manualnej i grafomotorycznej,<\/li>\n\n\n\n<li>rozwijanie precyzji chwytu i kontroli nad ruchem d\u0142oni i palc\u00f3w,<\/li>\n\n\n\n<li>usprawnienie koordynacji wzrokowo-ruchowej,<\/li>\n\n\n\n<li>wzmocnienie mi\u0119\u015bni obr\u0119czy barkowej, przedramienia i d\u0142oni,<\/li>\n\n\n\n<li>zwi\u0119kszenie samodzielno\u015bci w czynno\u015bciach codziennych (np. ubieranie si\u0119,<br>jedzenie, higiena),<\/li>\n\n\n\n<li>przygotowanie r\u0119ki do efektywnego pisania i pracy w szkole.<\/li>\n<\/ul>\n\n\n\n<p>Terapia r\u0119ki opiera si\u0119 na indywidualnie dobranych \u0107wiczeniach i zabawach, kt\u00f3re s\u0105<br>nie tylko skuteczne rozwojowo, ale tak\u017ce atrakcyjne i przyjazne dla dziecka. \u0106wiczenia podawane s\u0105 w taki spos\u00f3b, by wzbudza\u0107 ciekawo\u015b\u0107, zaanga\u017cowanie i motywacj\u0119 do dzia\u0142ania. Dzi\u0119ki temu zaj\u0119cia staj\u0105 si\u0119 nie tylko efektywn\u0105 form\u0105 terapii, ale r\u00f3wnie\u017c \u017ar\u00f3d\u0142em przyjemno\u015bci i pozytywnych emocji.<\/p>\n","protected":false},"excerpt":{"rendered":"<p>Terapia r\u0119ki to zaj\u0119cia wspieraj\u0105ce rozw\u00f3j sprawno\u015bci motorycznej dziecka \u2013 szczeg\u00f3lnie w zakresie ma\u0142ej motoryki, czyli precyzyjnych ruch\u00f3w d\u0142oni i palc\u00f3w. Obejmuje tak\u017ce rozw\u00f3j funkcji zwi\u0105zanych z dotykiem, koordynacj\u0105 wzrokowo-ruchow\u0105, planowaniem ruch\u00f3w oraz samoobs\u0142ug\u0105. S\u0105 to zaj\u0119cia dla dzieci, kt\u00f3re: G\u0142\u00f3wne cele terapii r\u0119ki to: Terapia r\u0119ki opiera si\u0119 na indywidualnie dobranych \u0107wiczeniach i zabawach, &hellip; <\/p>\n<p class=\"link-more\"><a href=\"http:\/\/gagatki.com.pl\/index.php\/terapia-reki\/\" class=\"more-link\">Czytaj dalej<span class=\"screen-reader-text\"> \u201eTerapia r\u0119ki\u201d<\/span><\/a><\/p>\n","protected":false},"author":1,"featured_media":0,"parent":0,"menu_order":0,"comment_status":"closed","ping_status":"closed","template":"","meta":{"footnotes":""},"class_list":["post-501","page","type-page","status-publish","hentry"],"_links":{"self":[{"href":"http:\/\/gagatki.com.pl\/index.php\/wp-json\/wp\/v2\/pages\/501","targetHints":{"allow":["GET"]}}],"collection":[{"href":"http:\/\/gagatki.com.pl\/index.php\/wp-json\/wp\/v2\/pages"}],"about":[{"href":"http:\/\/gagatki.com.pl\/index.php\/wp-json\/wp\/v2\/types\/page"}],"author":[{"embeddable":true,"href":"http:\/\/gagatki.com.pl\/index.php\/wp-json\/wp\/v2\/users\/1"}],"replies":[{"embeddable":true,"href":"http:\/\/gagatki.com.pl\/index.php\/wp-json\/wp\/v2\/comments?post=501"}],"version-history":[{"count":6,"href":"http:\/\/gagatki.com.pl\/index.php\/wp-json\/wp\/v2\/pages\/501\/revisions"}],"predecessor-version":[{"id":793,"href":"http:\/\/gagatki.com.pl\/index.php\/wp-json\/wp\/v2\/pages\/501\/revisions\/793"}],"wp:attachment":[{"href":"http:\/\/gagatki.com.pl\/index.php\/wp-json\/wp\/v2\/media?parent=501"}],"curies":[{"name":"wp","href":"https:\/\/api.w.org\/{rel}","templated":true}]}}