{"id":499,"date":"2025-06-21T16:23:51","date_gmt":"2025-06-21T14:23:51","guid":{"rendered":"http:\/\/gagatki.com.pl\/?page_id=499"},"modified":"2026-04-03T21:23:30","modified_gmt":"2026-04-03T19:23:30","slug":"konsultacje-noworodkow-i-niemowlat","status":"publish","type":"page","link":"http:\/\/gagatki.com.pl\/index.php\/konsultacje-noworodkow-i-niemowlat\/","title":{"rendered":"Konsultacje noworodk\u00f3w i niemowl\u0105t"},"content":{"rendered":"\n<p>Konsultacje dla rodzic\u00f3w maluszk\u00f3w, to spotkania polegaj\u0105ce g\u0142\u00f3wnie na wsparciu. Odbywaj\u0105 si\u0119 <br>w przytulnym pomieszczeniu wyposa\u017conym w przewijak, fotel do karmienia, krzese\u0142ko dla dziecka, przy kawie lub herbacie.<\/p>\n\n\n\n<div class=\"wp-block-buttons is-layout-flex wp-block-buttons-is-layout-flex\">\n<div class=\"wp-block-button\"><a class=\"wp-block-button__link wp-element-button\" href=\"https:\/\/gagatki-gabinet-logopedyczny-olga-koziarek.reservio.com\">Zarezerwuj teraz<\/a><\/div>\n<\/div>\n\n\n\n<p><\/p>\n\n\n\n<p>Z jakimi trudno\u015bciami\/obawami mo\u017cesz si\u0119 do nas zg\u0142osi\u0107:<\/p>\n\n\n\n<ul class=\"wp-block-list\">\n<li>b\u00f3l\/dyskomfort podczas karmienia piersi\u0105,<\/li>\n\n\n\n<li>niepewno\u015b\u0107 co do techniki przystawienia dziecka do piersi\/butelki,<\/li>\n\n\n\n<li>nieefektywne ssanie maluszka (dziecko jest niespokojne, pr\u0119\u017cy si\u0119, szybko je\/szybko zasypia przy jedzeniu\/ nie najada si\u0119), <\/li>\n\n\n\n<li>wyciekaj\u0105ce mleko k\u0105cikami ust podczas karmienia,<\/li>\n\n\n\n<li>d\u017awi\u0119ki &#8222;klikania&#8221;, utrata szczelno\u015bci podczas ssania,<\/li>\n\n\n\n<li>dob\u00f3r butelki\/smoczka uspokajacza,<\/li>\n\n\n\n<li>skr\u00f3cone w\u0119dzide\u0142ka jamy ustnej,<\/li>\n\n\n\n<li>niepewno\u015b\u0107 dotycz\u0105ca przebiegu rozszerzania diety (przed lub w trakcie)<\/li>\n\n\n\n<li>ocena gotowo\u015bci do rozszerzania diety,<\/li>\n\n\n\n<li>niech\u0119\u0107 dziecka do jedzenia z \u0142y\u017ceczki\/jedzenia grudek\/kwa\u0142k\u00f3w,<\/li>\n\n\n\n<li>trudno\u015bci z gryzieniem, po\u0142ykaniem.<\/li>\n<\/ul>\n\n\n\n<p>Podczas konsultacji przeprowadzany jest wywiad, zbierane s\u0105 dane na temat rozwoju dziecka, maj\u0105ce przybli\u017cy\u0107 problem, z jakim zg\u0142aszaj\u0105 si\u0119 rodzice. Nast\u0119pnie maluszek badany jest na przewijaku lub w ramionach rodzica, wa\u017cony, a p\u00f3\u017aniej karmiony. Podczas karmienia obserwowana jest technika przystawienia do piersi lub butelki, efektywno\u015b\u0107 ssania, komfort mamy i dziecka oraz, <br>w razie potrzeby, proponowane s\u0105 zmiany, kt\u00f3re rodzice mog\u0105 wdro\u017cy\u0107 od razu. Starsze niemowl\u0119ta, w okresie rozszerzania diety, podczas konsultacji jedz\u0105 i brudz\u0105 si\u0119. By prawid\u0142owo oceni\u0107 trudno\u015bci dotycz\u0105ce jedzenia, niezb\u0119dne jest zaobserwowanie, w jaki spos\u00f3b dziecko radzi sobie z jedzeniem pokarm\u00f3w o r\u00f3\u017cnej konsystencji, by p\u00f3\u017aniej przekaza\u0107 wskaz\u00f3wki, zasugerowa\u0107 zmiany lub zaproponowa\u0107 odpowiednie stymulacje. <\/p>\n","protected":false},"excerpt":{"rendered":"<p>Konsultacje dla rodzic\u00f3w maluszk\u00f3w, to spotkania polegaj\u0105ce g\u0142\u00f3wnie na wsparciu. Odbywaj\u0105 si\u0119 w przytulnym pomieszczeniu wyposa\u017conym w przewijak, fotel do karmienia, krzese\u0142ko dla dziecka, przy kawie lub herbacie. Z jakimi trudno\u015bciami\/obawami mo\u017cesz si\u0119 do nas zg\u0142osi\u0107: Podczas konsultacji przeprowadzany jest wywiad, zbierane s\u0105 dane na temat rozwoju dziecka, maj\u0105ce przybli\u017cy\u0107 problem, z jakim zg\u0142aszaj\u0105 si\u0119 &hellip; <\/p>\n<p class=\"link-more\"><a href=\"http:\/\/gagatki.com.pl\/index.php\/konsultacje-noworodkow-i-niemowlat\/\" class=\"more-link\">Czytaj dalej<span class=\"screen-reader-text\"> \u201eKonsultacje noworodk\u00f3w i niemowl\u0105t\u201d<\/span><\/a><\/p>\n","protected":false},"author":1,"featured_media":0,"parent":0,"menu_order":0,"comment_status":"closed","ping_status":"closed","template":"","meta":{"footnotes":""},"class_list":["post-499","page","type-page","status-publish","hentry"],"_links":{"self":[{"href":"http:\/\/gagatki.com.pl\/index.php\/wp-json\/wp\/v2\/pages\/499","targetHints":{"allow":["GET"]}}],"collection":[{"href":"http:\/\/gagatki.com.pl\/index.php\/wp-json\/wp\/v2\/pages"}],"about":[{"href":"http:\/\/gagatki.com.pl\/index.php\/wp-json\/wp\/v2\/types\/page"}],"author":[{"embeddable":true,"href":"http:\/\/gagatki.com.pl\/index.php\/wp-json\/wp\/v2\/users\/1"}],"replies":[{"embeddable":true,"href":"http:\/\/gagatki.com.pl\/index.php\/wp-json\/wp\/v2\/comments?post=499"}],"version-history":[{"count":8,"href":"http:\/\/gagatki.com.pl\/index.php\/wp-json\/wp\/v2\/pages\/499\/revisions"}],"predecessor-version":[{"id":791,"href":"http:\/\/gagatki.com.pl\/index.php\/wp-json\/wp\/v2\/pages\/499\/revisions\/791"}],"wp:attachment":[{"href":"http:\/\/gagatki.com.pl\/index.php\/wp-json\/wp\/v2\/media?parent=499"}],"curies":[{"name":"wp","href":"https:\/\/api.w.org\/{rel}","templated":true}]}}