{"id":497,"date":"2025-06-21T16:23:31","date_gmt":"2025-06-21T14:23:31","guid":{"rendered":"http:\/\/gagatki.com.pl\/?page_id=497"},"modified":"2026-04-03T21:23:00","modified_gmt":"2026-04-03T19:23:00","slug":"diagnoza-i-terapia-logopedyczna","status":"publish","type":"page","link":"http:\/\/gagatki.com.pl\/index.php\/diagnoza-i-terapia-logopedyczna\/","title":{"rendered":"Diagnoza i terapia logopedyczna\/neurologopedyczna"},"content":{"rendered":"\n<p>W gabinecie oferujemy diagnoz\u0119 i terapi\u0119 logopedyczn\u0105\/neurologopedyczn\u0105 dotycz\u0105c\u0105 rozwoju mowy, komunikacji i artykulacji, sprawno\u015bci i budowy aparatu artykulacyjnego oraz funkcji aparatu oralnego.<\/p>\n\n\n\n<div class=\"wp-block-buttons is-layout-flex wp-block-buttons-is-layout-flex\">\n<div class=\"wp-block-button\"><a class=\"wp-block-button__link wp-element-button\" href=\"https:\/\/gagatki-gabinet-logopedyczny-olga-koziarek.reservio.com\">Zarezerwuj teraz<\/a><\/div>\n<\/div>\n\n\n\n<p><\/p>\n\n\n\n<p>Z jakimi trudno\u015bciami\/obawami mo\u017cesz si\u0119 do nas zg\u0142osi\u0107:<\/p>\n\n\n\n<ul class=\"wp-block-list\">\n<li>op\u00f3\u017aniony rozw\u00f3j mowy (gdy masz wra\u017cenie, \u017ce Twoje dziecko m\u00f3wi za ma\u0142o),<\/li>\n\n\n\n<li>wady wymowy (nieprawid\u0142owa realizacja g\u0142osek),<\/li>\n\n\n\n<li>oddychanie torem ustnym,<\/li>\n\n\n\n<li>trudno\u015bci z \u017cuciem, gryzieniem, po\u0142ykaniem,<\/li>\n\n\n\n<li>nadmierne \u015blinienie,<\/li>\n\n\n\n<li>nieprawid\u0142owe pozycje spoczynkowe (warg, j\u0119zyka, \u017cuchwy),<\/li>\n\n\n\n<li>nieprawid\u0142owe po\u0142ykanie,<\/li>\n\n\n\n<li>wady zgryzu (w trakcie lub przed leczeniem ortodontycznym\/ortognatycznym),<\/li>\n\n\n\n<li>skr\u00f3cone w\u0119dzide\u0142ka jamy ustnej.<\/li>\n<\/ul>\n\n\n\n<p>Diagnoza przebiega w spos\u00f3b przyjazny dla dziecka, w zabawie. G\u0142\u00f3wnie polega na wywiadzie z rodzicami, obserwacji dziecka oraz niezb\u0119dnych badaniach (w wi\u0119kszo\u015bci tak\u017ce w zabawie). Ko\u0144cowym etapem jest wskazanie prawdopodobnych przyczyn trudno\u015bci, przekazanie zalece\u0144 oraz ewentualne zaplanowanie procesu terapeutycznego.<\/p>\n\n\n\n<p class=\"has-medium-font-size\">Jak przygotowa\u0107 si\u0119 do pierwszej wizyty?<\/p>\n\n\n\n<p>Podczas diagnozy przeprowadzany jest wywiad z rodzicami, ocena warunk\u00f3w anatomicznych jamy ustnej dziecka, ocena motoryki artykulator\u00f3w, funkcji prymarnych oraz rozw\u00f3j komunikacji, a tak\u017ce spos\u00f3b realizacji g\u0142osek.<\/p>\n\n\n\n<p>Prosz\u0119 zabra\u0107 ze sob\u0105:<\/p>\n\n\n\n<ul class=\"wp-block-list\">\n<li>kwestionariusz wywiadu (przes\u0142any mailowo po ustaleniu terminu wizyty),<\/li>\n\n\n\n<li>informacje dotycz\u0105ce przebiegu ci\u0105\u017cy i porodu, stanu zdrowia dziecka po porodzie,<\/li>\n\n\n\n<li>informacje na temat sposobu karmienia oraz rozszerzania diety,<\/li>\n\n\n\n<li>ksi\u0105\u017ceczk\u0119 zdrowia dziecka,<\/li>\n\n\n\n<li>posiadan\u0105 dokumentacj\u0119 medyczn\u0105 i specjalistyczn\u0105 dziecka,<\/li>\n\n\n\n<li>informacje dotycz\u0105ce rozwoju ruchowego dziecka oraz rozwoju mowy (je\u015bli by\u0142 sporz\u0105dzany, przydatny b\u0119dzie dzienniczek mowy),<\/li>\n\n\n\n<li>naczynie, z kt\u00f3rego dziecko g\u0142\u00f3wnie pije (np. bidon, kubeczek, butelka itp.) i \u0142y\u017ceczk\u0119, kt\u00f3r\u0105 dziecko je (je\u015bli jest na etapie rozszerzania diety),<\/li>\n\n\n\n<li>co\u015b twardego (np. orzechy, suszone owoce, marchewk\u0119, kromk\u0119 chleba ze sk\u00f3rk\u0105) i co\u015b mi\u0119kkiego do jedzenia (dotyczy dzieci od 6 msc \u017cycia).<\/li>\n<\/ul>\n","protected":false},"excerpt":{"rendered":"<p>W gabinecie oferujemy diagnoz\u0119 i terapi\u0119 logopedyczn\u0105\/neurologopedyczn\u0105 dotycz\u0105c\u0105 rozwoju mowy, komunikacji i artykulacji, sprawno\u015bci i budowy aparatu artykulacyjnego oraz funkcji aparatu oralnego. Z jakimi trudno\u015bciami\/obawami mo\u017cesz si\u0119 do nas zg\u0142osi\u0107: Diagnoza przebiega w spos\u00f3b przyjazny dla dziecka, w zabawie. G\u0142\u00f3wnie polega na wywiadzie z rodzicami, obserwacji dziecka oraz niezb\u0119dnych badaniach (w wi\u0119kszo\u015bci tak\u017ce w zabawie). &hellip; <\/p>\n<p class=\"link-more\"><a href=\"http:\/\/gagatki.com.pl\/index.php\/diagnoza-i-terapia-logopedyczna\/\" class=\"more-link\">Czytaj dalej<span class=\"screen-reader-text\"> \u201eDiagnoza i terapia logopedyczna\/neurologopedyczna\u201d<\/span><\/a><\/p>\n","protected":false},"author":1,"featured_media":0,"parent":0,"menu_order":0,"comment_status":"closed","ping_status":"closed","template":"","meta":{"footnotes":""},"class_list":["post-497","page","type-page","status-publish","hentry"],"_links":{"self":[{"href":"http:\/\/gagatki.com.pl\/index.php\/wp-json\/wp\/v2\/pages\/497","targetHints":{"allow":["GET"]}}],"collection":[{"href":"http:\/\/gagatki.com.pl\/index.php\/wp-json\/wp\/v2\/pages"}],"about":[{"href":"http:\/\/gagatki.com.pl\/index.php\/wp-json\/wp\/v2\/types\/page"}],"author":[{"embeddable":true,"href":"http:\/\/gagatki.com.pl\/index.php\/wp-json\/wp\/v2\/users\/1"}],"replies":[{"embeddable":true,"href":"http:\/\/gagatki.com.pl\/index.php\/wp-json\/wp\/v2\/comments?post=497"}],"version-history":[{"count":10,"href":"http:\/\/gagatki.com.pl\/index.php\/wp-json\/wp\/v2\/pages\/497\/revisions"}],"predecessor-version":[{"id":790,"href":"http:\/\/gagatki.com.pl\/index.php\/wp-json\/wp\/v2\/pages\/497\/revisions\/790"}],"wp:attachment":[{"href":"http:\/\/gagatki.com.pl\/index.php\/wp-json\/wp\/v2\/media?parent=497"}],"curies":[{"name":"wp","href":"https:\/\/api.w.org\/{rel}","templated":true}]}}