{"id":474,"date":"2025-06-21T15:44:04","date_gmt":"2025-06-21T13:44:04","guid":{"rendered":"http:\/\/gagatki.com.pl\/?page_id=474"},"modified":"2025-09-23T22:41:08","modified_gmt":"2025-09-23T20:41:08","slug":"mgr-karolina-saladziak","status":"publish","type":"page","link":"http:\/\/gagatki.com.pl\/index.php\/mgr-karolina-saladziak\/","title":{"rendered":"mgr Karolina Sa\u0142adziak"},"content":{"rendered":"\n<div class=\"wp-block-columns is-layout-flex wp-container-core-columns-is-layout-9d6595d7 wp-block-columns-is-layout-flex\">\n<div class=\"wp-block-column is-layout-flow wp-block-column-is-layout-flow\">\n<figure class=\"wp-block-image size-large is-resized\"><img loading=\"lazy\" decoding=\"async\" width=\"855\" height=\"1024\" src=\"http:\/\/gagatki.com.pl\/wp-content\/uploads\/2025\/07\/1000020568-855x1024.jpg\" alt=\"\" class=\"wp-image-606\" style=\"width:274px;height:auto\" srcset=\"http:\/\/gagatki.com.pl\/wp-content\/uploads\/2025\/07\/1000020568-855x1024.jpg 855w, http:\/\/gagatki.com.pl\/wp-content\/uploads\/2025\/07\/1000020568-251x300.jpg 251w, http:\/\/gagatki.com.pl\/wp-content\/uploads\/2025\/07\/1000020568-768x920.jpg 768w, http:\/\/gagatki.com.pl\/wp-content\/uploads\/2025\/07\/1000020568.jpg 1134w\" sizes=\"auto, (max-width: 767px) 89vw, (max-width: 1000px) 54vw, (max-width: 1071px) 543px, 580px\" \/><\/figure>\n<\/div>\n\n\n\n<div class=\"wp-block-column is-layout-flow wp-block-column-is-layout-flow\">\n<p>Nazywam si\u0119 Karolina Sa\u0142adziak. Jestem magistrem pedagogiki przedszkolnej<br>i wczesnoszkolnej, nauczycielk\u0105 z 8-letnim do\u015bwiadczeniem oraz certyfikowan\u0105 terapeutk\u0105 r\u0119ki. Na co dzie\u0144 pracuj\u0119<br>w przedszkolu &#8222;Lucky Surmaki&#8221; w Szczecinie.<\/p>\n\n\n\n<p>W codziennej pracy wspieram dzieci <br>w budowaniu samodzielno\u015bci w my\u015bleniu <br>i dzia\u0142aniu, odporno\u015bci emocjonalnej oraz poczucia sprawczo\u015bci.<\/p>\n<\/div>\n<\/div>\n\n\n\n<p>W pracy kieruj\u0119 si\u0119 podej\u015bciem opartym na empatii, szacunku i jasnych granicach, czerpi\u0105c z za\u0142o\u017ce\u0144 komunikacji bez przemocy oraz pozytywnej dyscypliny. Szczeg\u00f3ln\u0105 uwag\u0119 po\u015bwi\u0119cam edukacji plastycznej jako przestrzeni rozwoju nie tylko motoryki ma\u0142ej, ale wytrwa\u0142o\u015bci oraz wiary we w\u0142asne mo\u017cliwo\u015bci. Wierz\u0119, \u017ce dziecko jest zar\u00f3wno aktywnym uczestnikiem swojego rozwoju, jak i wa\u017cn\u0105 cz\u0119\u015bci\u0105 wsp\u00f3lnoty \u2013 gotow\u0105 do wsp\u00f3\u0142dzia\u0142ania, uwa\u017cn\u0105 na siebie i innych.<\/p>\n\n\n\n<p><strong>Szkolenia i kursy:<\/strong><\/p>\n\n\n\n<ul class=\"wp-block-list\">\n<li><strong>Wprowadzenie metody globalnego czytania Glenna Domana w grupach przedszkolnych<\/strong><br>prowadz\u0105ca: Karolina Pol<br>organizator: EdukaPol<\/li>\n\n\n\n<li><strong>Narz\u0119dzia wspieraj\u0105ce skuteczn\u0105 prac\u0119 z trudnymi zachowaniami u dzieci, oparte na aktualnej wiedzy z zakresu neuroedukacji<\/strong><br>prowadz\u0105ca: Anna Dyjak<br>organizator: Instytut Doskonalenia Nauczycieli &#8222;NOTABENE&#8221;<\/li>\n\n\n\n<li><strong>Trening Umiej\u0119tno\u015bci Spo\u0142ecznych<\/strong><br>prowadz\u0105ca: Ma\u0142gorzata Choi\u0144ska<br>organizator: GOKA Szkolenia<\/li>\n\n\n\n<li><strong>Czytam i Pisz\u0119 z Sukcesem: program wsparcia edukacyjnego<\/strong><br>prowadz\u0105ca: Ma\u0142gorzata Choi\u0144ska<br>organizator: GOKA Szkolenia<\/li>\n\n\n\n<li><strong>Dyskalkulia w klasie: strategie nauczania i wsparcie<\/strong><br>prowadz\u0105ca: Ma\u0142gorzata Choi\u0144ska<br>organizator: GOKA Szkolenia<\/li>\n\n\n\n<li><strong>Kszta\u0142towanie my\u015blenia krytycznego i przyczynowo-skutkowego u dzieci<\/strong><br>prowadz\u0105ca: Ma\u0142gorzata Choi\u0144ska<br>organizator: GOKA Szkolenia<\/li>\n\n\n\n<li><strong>Mindfulness w pracy z dzie\u0107mi<\/strong><br>prowadz\u0105ca: Ma\u0142gorzata Choi\u0144ska<br>organizator: GOKA Szkolenia<\/li>\n\n\n\n<li><strong>Terapia r\u0119ki I i II stopnia<\/strong><br>prowadz\u0105ce: Wioletta Bartkiewicz, Aneta Giczewska<br>organizator: Acentrum<\/li>\n<\/ul>\n\n\n\n<p><\/p>\n","protected":false},"excerpt":{"rendered":"<p>Nazywam si\u0119 Karolina Sa\u0142adziak. Jestem magistrem pedagogiki przedszkolneji wczesnoszkolnej, nauczycielk\u0105 z 8-letnim do\u015bwiadczeniem oraz certyfikowan\u0105 terapeutk\u0105 r\u0119ki. Na co dzie\u0144 pracuj\u0119w przedszkolu &#8222;Lucky Surmaki&#8221; w Szczecinie. W codziennej pracy wspieram dzieci w budowaniu samodzielno\u015bci w my\u015bleniu i dzia\u0142aniu, odporno\u015bci emocjonalnej oraz poczucia sprawczo\u015bci. W pracy kieruj\u0119 si\u0119 podej\u015bciem opartym na empatii, szacunku i jasnych granicach, &hellip; <\/p>\n<p class=\"link-more\"><a href=\"http:\/\/gagatki.com.pl\/index.php\/mgr-karolina-saladziak\/\" class=\"more-link\">Czytaj dalej<span class=\"screen-reader-text\"> \u201emgr Karolina Sa\u0142adziak\u201d<\/span><\/a><\/p>\n","protected":false},"author":1,"featured_media":0,"parent":0,"menu_order":0,"comment_status":"closed","ping_status":"closed","template":"","meta":{"footnotes":""},"class_list":["post-474","page","type-page","status-publish","hentry"],"_links":{"self":[{"href":"http:\/\/gagatki.com.pl\/index.php\/wp-json\/wp\/v2\/pages\/474","targetHints":{"allow":["GET"]}}],"collection":[{"href":"http:\/\/gagatki.com.pl\/index.php\/wp-json\/wp\/v2\/pages"}],"about":[{"href":"http:\/\/gagatki.com.pl\/index.php\/wp-json\/wp\/v2\/types\/page"}],"author":[{"embeddable":true,"href":"http:\/\/gagatki.com.pl\/index.php\/wp-json\/wp\/v2\/users\/1"}],"replies":[{"embeddable":true,"href":"http:\/\/gagatki.com.pl\/index.php\/wp-json\/wp\/v2\/comments?post=474"}],"version-history":[{"count":12,"href":"http:\/\/gagatki.com.pl\/index.php\/wp-json\/wp\/v2\/pages\/474\/revisions"}],"predecessor-version":[{"id":659,"href":"http:\/\/gagatki.com.pl\/index.php\/wp-json\/wp\/v2\/pages\/474\/revisions\/659"}],"wp:attachment":[{"href":"http:\/\/gagatki.com.pl\/index.php\/wp-json\/wp\/v2\/media?parent=474"}],"curies":[{"name":"wp","href":"https:\/\/api.w.org\/{rel}","templated":true}]}}