{"id":472,"date":"2025-06-21T15:41:56","date_gmt":"2025-06-21T13:41:56","guid":{"rendered":"http:\/\/gagatki.com.pl\/?page_id=472"},"modified":"2026-02-16T14:56:34","modified_gmt":"2026-02-16T13:56:34","slug":"mgr-olga-koziarek","status":"publish","type":"page","link":"http:\/\/gagatki.com.pl\/index.php\/mgr-olga-koziarek\/","title":{"rendered":"mgr Olga Koziarek"},"content":{"rendered":"\n<p><\/p>\n\n\n\n<div class=\"wp-block-columns is-layout-flex wp-container-core-columns-is-layout-9d6595d7 wp-block-columns-is-layout-flex\">\n<div class=\"wp-block-column is-layout-flow wp-block-column-is-layout-flow\">\n<figure class=\"wp-block-image size-large is-resized\"><img loading=\"lazy\" decoding=\"async\" width=\"787\" height=\"1024\" src=\"http:\/\/gagatki.com.pl\/wp-content\/uploads\/2026\/01\/Projekt-bez-nazwy-6-e1769778066630-787x1024.jpg\" alt=\"\" class=\"wp-image-704\" style=\"aspect-ratio:0.7685868048634642;width:279px;height:auto\" srcset=\"http:\/\/gagatki.com.pl\/wp-content\/uploads\/2026\/01\/Projekt-bez-nazwy-6-e1769778066630-787x1024.jpg 787w, http:\/\/gagatki.com.pl\/wp-content\/uploads\/2026\/01\/Projekt-bez-nazwy-6-e1769778066630-231x300.jpg 231w, http:\/\/gagatki.com.pl\/wp-content\/uploads\/2026\/01\/Projekt-bez-nazwy-6-e1769778066630-768x999.jpg 768w, http:\/\/gagatki.com.pl\/wp-content\/uploads\/2026\/01\/Projekt-bez-nazwy-6-e1769778066630.jpg 940w\" sizes=\"auto, (max-width: 767px) 89vw, (max-width: 1000px) 54vw, (max-width: 1071px) 543px, 580px\" \/><\/figure>\n<\/div>\n\n\n\n<div class=\"wp-block-column is-layout-flow wp-block-column-is-layout-flow\">\n<p>Nazywam si\u0119 Olga Koziarek. Jestem neurologoped\u0105, logoped\u0105 ortognatycznym i logoped\u0105 wczesnej interwencji. Prowadz\u0119 gabinet logopedyczny \u201eGagatki\u201d oraz pracuj\u0119 w SPS ZOZ \u201eZdroje\u201d w Szczecinie.<\/p>\n\n\n\n<p>Uko\u0144czy\u0142am studia magisterskie na kierunku logopedia z zakresu neurologopedii i wczesnej interwencji logopedycznej na Uniwersytecie Gda\u0144skim oraz studia licencjackie na kierunku pedagogika specjalna ze specjalno\u015bci\u0105 logopedia szkolna i pedagogika wczesnej edukacji na Uniwersytecie Szczeci\u0144skim.<\/p>\n<\/div>\n<\/div>\n\n\n\n<p>Pracuj\u0119 z dzie\u0107mi od urodzenia do wieku wczesnoszkolnego, a tak\u017ce prowadz\u0119 konsultacje dla rodzic\u00f3w oraz warsztaty. Wspieram logopedycznie m\u0142odzie\u017c podczas leczenia ortodontycznego i ortognatycznego. Oferuj\u0119 pomoc w zakresie: wczesnej interwencji logopedycznej, karmienia piersi\u0105\/butelk\u0105, diagnozy i terapii skr\u00f3conych w\u0119dzide\u0142ek jamy ustnej, rozszerzania diety, op\u00f3\u017anionego rozwoju mowy, wad wymowy oraz leczenia ortodontycznego i ortognatycznego. Podczas terapii wykorzystuj\u0119 m.in. terapi\u0119 miofunkcjonaln\u0105, elastyczny terapeutyczny taping wg Esther de Ru, elektrostymulacj\u0119, terapi\u0119 manualn\u0105.<\/p>\n\n\n\n<p>Podczas konsultacji i terapii w gabinecie panuje spokojna, ciep\u0142a atmosfera. Metody pracy dostosowuj\u0119 do potrzeb i mo\u017cliwo\u015bci dziecka, maj\u0105c na uwadze ich indywidualny<br>i ca\u0142o\u015bciowy rozw\u00f3j. Wsp\u00f3\u0142pracuj\u0119 z ortodont\u0105 i fizjoterapeut\u0105, co pozwala mi stale poszerza\u0107 swoj\u0105 wiedz\u0119 oraz w odpowiednim momencie zapewni\u0107 niezb\u0119dne dodatkowe wparcie.<\/p>\n\n\n\n<p><strong>Szkolenia i kursy:<\/strong><\/p>\n\n\n\n<ul class=\"wp-block-list\">\n<li><strong>Mentoring laktacyjno-logopedyczny<\/strong><br>prowadz\u0105ce: dr n. med. Danuta Koz\u0142owska-Rup, dr n. hum. Marzena Macho\u015b<br>organizator: dr n. med. Danuta Koz\u0142owska-Rup, dr n. hum. Marzena Macho\u015b<\/li>\n\n\n\n<li><strong>Logopedia ortognatyczna<\/strong> &#8211; kurs modu\u0142owy<br>prowadz\u0105cy: dr n. o zdr. Anna Lichnowska, lek. dent. Ewa \u015awiniarska, dr n. med. Marta Tyndorf, dr n. med. Adrian Gnatek, dr n. med. Szymon Tyszkiewicz, dr n. med. Wojciech Sk\u00f3ra<br>organizator: Zaklamerkowani.pl<\/li>\n\n\n\n<li><strong>Karmienie wcze\u015bniaka na oddziale intensywnej opieki noworodka<\/strong><br>prowadz\u0105ce: mgr Joanna Kupczak, mgr Marta Karwot-Pi\u0119ta<br>organizator: Fizjomed Academy<\/li>\n\n\n\n<li><strong>I Og\u00f3lnopolska Konferencja &#8222;Logopedia od pierwszego oddechu&#8221;<\/strong><br>organizator: Logolandia, Zaklamerkowani.pl<\/li>\n\n\n\n<li><strong>Terapia dzieci\u0119cej apraksji mowy, ORM i afazji motorycznej wg zasad motorycznego uczenia<\/strong><br>prowadz\u0105ca: Ewa Grzelak<br>organizator: Instytut Edukacji Logopedycznej<\/li>\n\n\n\n<li><strong>I og\u00f3lnopolska Konferencja Logopedii Ortognatycznej \u201eInterdyscyplinarne aspekty diagnozy <\/strong><strong>i terapii pacjenta ortodontyczno-ortognatycznego\u201d<\/strong><br>organizator: Zaklamerkowani.pl<\/li>\n\n\n\n<li><strong>26 zabaw<\/strong><br>prowadz\u0105ca: Joanna Pa\u0142asz<br>organizator: Pareo Centrum terapii<\/li>\n\n\n\n<li><strong>Badanie noworodka i niemowl\u0119cia w gabinecie logopedy<\/strong><br>prowadz\u0105ce: dr n. med. Danuta Koz\u0142owska-Rup, dr n. hum. Marzena Macho\u015b<br>organizator: Logolakta s.c.<\/li>\n\n\n\n<li><strong>\u0106wiczenia artykulator\u00f3w i stymulacja mi\u0119\u015bni<\/strong><br>prowadz\u0105ca: mgr Katarzyna Koz\u0142owska<br>organizator: Logodemia<\/li>\n\n\n\n<li><strong>Praca terapeutyczna z dzieckiem z wad\u0105 zgryzu<\/strong><br>prowadz\u0105ca: dr n. o zdr. Anna Lichnowska<br>organizator: Zaklamerkowani.pl<\/li>\n\n\n\n<li><strong>I Og\u00f3lnopolska Konferencja z Zakresu Elektrostymulacji w Logopedii. Nowe mo\u017cliwo\u015bci diagnostyczno-terapeutyczne.<\/strong><br>organizator: NODN \u201eCognitus\u201d<\/li>\n\n\n\n<li><strong>Innowacyjne metody elektrostymulacji zewn\u0119trznej i wewn\u0119trznej w logopedii \/podej\u015bcie praktyczne\/. Aktualizacja wiedzy.<\/strong><br>prowadz\u0105ce: mgr Ewa Wojewoda, mgr Aleksandra Kaczy\u0144ska<br>organizator: Centrum Doskonalenia nauczycieli DISCURSO<\/li>\n\n\n\n<li><strong>Wolontariat na Oddziale Noworodk\u00f3w, Patologii i Intensywnej Terapii oraz w Poradni Laktacyjnej SPS ZOZ \u201eZdroje\u201d w Szczecinie<\/strong><\/li>\n\n\n\n<li><strong>PUMO \u2013 Program usprawniania motoryki oralnej<\/strong><br>prowadz\u0105ca: dr n. hum. Marzena Macho\u015b<br>organizator: dr n. hum. Marzena Macho\u015b<\/li>\n\n\n\n<li><strong>Karmienie piersi\u0105 \u2013 vademecum logopedy<\/strong><br>prowadz\u0105ca: dr n. med. Danuta Koz\u0142owska-Rup<br>organizator: dr n. hum. Marzena Macho\u015b<\/li>\n\n\n\n<li><strong>Zeszyt logopedyczny<\/strong><br>prowadz\u0105ca: Joanna Pa\u0142asz<br>organizator: Pareo Centrum Terapii Joanna Pa\u0142asz<\/li>\n\n\n\n<li><strong>Terapia logopedyczna ma\u0142ego dziecka (od 2 do 5 roku \u017cycia) w przypadku ORM, afazji dzieci\u0119cej, ASD \u2013 praktyczne rozwi\u0105zania<\/strong><br>prowadz\u0105ca: Joanna Pa\u0142asz<br>organizator: Pareo Centrum Terapii Joanna Pa\u0142asz<\/li>\n\n\n\n<li><strong>Niemowlak u logopedy 5. Wsparcie ssania u niemowl\u0105t (pier\u015b, butelka, zg\u0142\u0119bnik, smoczek \u2013 case studies)<\/strong><br>prowadz\u0105ce: dr n. hum. Marzena Macho\u015b, dr n. med. Danuta Koz\u0142owska-Rup<br>organizator: dr n. hum. Marzena Macho\u015b<\/li>\n\n\n\n<li><strong>Innowacyjne metody elektrostymulacji zewn\u0119trznej i wewn\u0119trznej w logopedii \/podej\u015bcie praktyczne\/<\/strong><br>prowadz\u0105ce: mgr Aleksandra Kaczy\u0144ska, mgr Ewa Wojewoda<br>organizator: Centrum Doskonalenia Nauczycieli DISCURSO<\/li>\n\n\n\n<li><strong>Wybi\u00f3rczo\u015b\u0107 pokarmowa. Diagnoza i terapia logopedyczna<\/strong><br>prowadz\u0105ca: mgr Agata Kalina,<br>organizator: Niepubliczny O\u015brodek Doskonalenia Nauczycieli \u201eTeczka Logopedy\u201d;<\/li>\n\n\n\n<li><strong>Niemowlak u logopedy II Miobobo (kr\u00f3tkie w\u0119dzide\u0142ko j\u0119zyka u niemowl\u0105t \u2013 podej\u015bcie praktyczne)<\/strong><br>prowadz\u0105ca: dr n. hum. Marzena Macho\u015b<br>organizator: Instytut Edukacji Logopedycznej;<\/li>\n\n\n\n<li><strong>Niemowlak u logopedy, cz\u0119\u015b\u0107 I<\/strong>&nbsp;<strong>(opieka logopedyczna nad niemowl\u0119ciem \u2013 wprowadzenie)<\/strong><br>prowadz\u0105ca: dr n. hum. Marzena Macho\u015b<br>organizator: Instytut Edukacji Logopedycznej;<\/li>\n\n\n\n<li><strong>Terapia op\u00f3\u017anionego rozwoju mowy \u2013 warsztat praktyczny<\/strong><br>prowadz\u0105ca: mgr Anna W\u00f3jcik,<br>organizator: Niepubliczny O\u015brodek Doskonalenia Nauczycieli \u201eTeczka Logopedy\u201d;<\/li>\n\n\n\n<li><strong>Diagnoza op\u00f3\u017anionego rozwoju mowy \u2013 kompendium wiedzy<\/strong><br>prowadz\u0105ca: mgr Anna W\u00f3jcik,<br>organizator: Niepubliczny O\u015brodek Doskonalenia Nauczycieli \u201eTeczka Logopedy\u201d;<\/li>\n\n\n\n<li><strong>Badanie logopedyczne noworodk\u00f3w i niemowl\u0105t,<\/strong><br>prowadz\u0105ca: mgr Monika Budkowska,<br>organizator: Niepubliczny O\u015brodek Doskonalenia Nauczycieli \u201eTeczka Logopedy\u201d;<\/li>\n\n\n\n<li><strong>Wczesna interwencja logopedyczna \u2013 niemowl\u0119 w gabinecie logopedycznym,<\/strong><br>prowadz\u0105ca: mgr Patrycja Wyr\u0119bkiewicz-\u0141uba,<br>organizator: Niepubliczny O\u015brodek Doskonalenia Nauczycieli \u201eTeczka Logopedy\u201d;<\/li>\n\n\n\n<li><strong>FTM \u2013 fizjologiczna terapia miofunkcjonalna,<\/strong><br>prowadz\u0105ca: prof. Danuta Pluta-Wojciechowska,<br>organizator: Mega Szkolenia.<\/li>\n\n\n\n<li><strong>Stymulacja traktu ustno-twarzowego<\/strong>,<br>prowadz\u0105ca: Ma\u0142gorzata Gawryl<br>organizator: LogopedyczneSOS<\/li>\n\n\n\n<li><strong>Terapia miofunkcjonalna I Kompleksowy program obszaru orofacjalnego I stopie\u0144,<\/strong><br>prowadz\u0105ca:<strong>&nbsp;<\/strong>mgr Aleksandra Rosi\u0144ska,<br>organizator: Niepubliczny O\u015brodek Doskonalenia Nauczycieli \u201eTeczka Logopedy\u201d;<\/li>\n\n\n\n<li><strong>Terapia miofunkcjonalna II Funkcjonalny program przestrzeni orofacjalnej II stopie\u0144,<\/strong><br>prowadz\u0105ca: mgr Aleksandra Rosi\u0144ska,<br>organizator:<strong>&nbsp;<\/strong>Niepubliczny O\u015brodek Doskonalenia Nauczycieli \u201eTeczka Logopedy\u201d;<\/li>\n\n\n\n<li><strong>Oddychanie w praktyce logopedycznej,<br><\/strong>prowadz\u0105ca: dr n. o zdr. Mira Rz\u0105dzka,<br>organizator: Centrum Szkole\u0144 DISCURSO;<\/li>\n\n\n\n<li><strong>Pozycja spoczynkowa j\u0119zyka i po\u0142ykanie,<\/strong><br>prowadz\u0105ca:<strong>&nbsp;<\/strong>dr n. hum. Iwona Michalak-Widera,<br>organizator: Centrum Szkole\u0144 DISCURSO;<\/li>\n\n\n\n<li><strong>Smoczek \u2013 gar\u015b\u0107 wiedzy dla terapeuty,<\/strong><br>prowadz\u0105ca: mgr Magdalena Rybka,<br>organizator: Centrum Szkole\u0144 DISCURSO;<\/li>\n\n\n\n<li><strong>Smoczek z punktu widzenia logopedy (i mamy) Jak dobra\u0107? Kiedy odstawi\u0107? O czym pami\u0119ta\u0107?,<\/strong><br>prowadz\u0105ca: mgr Magdalena Rybka,<br>organizator: Centrum Szkole\u0144 DISCURSO;<\/li>\n\n\n\n<li><strong>Diagnoza skr\u00f3conych w\u0119dzide\u0142ek jamy ustnej w aspekcie logopedycznym,<\/strong><br>prowadz\u0105ca: dr n. o zdr. Mira Rz\u0105dzka,<br>organizator: Centrum Szkole\u0144 DISCURSO;<\/li>\n\n\n\n<li><strong>Elastyczny Terapeutyczny Taping w logopedii\/neurologopedii. Podej\u015bcie Esther de Ru,<\/strong><br>prowadz\u0105ca: dr Martyna Brychcy,<br>organizator: CDiTN Wspomaganie rozwoju dziecka<\/li>\n\n\n\n<li><strong>Napi\u0119cie mi\u0119\u015bniowe w sferze orofacjalnej,<br><\/strong>prowadz\u0105ca: mgr Aleksandra Listwo\u0144,<br>organizator: Logodemia.pl<\/li>\n\n\n\n<li><strong>Skojarzenia do m\u00f3wienia,<\/strong><br>prowadz\u0105ca: Ewa Grzelak,<br>organizator: Ewa Grzelak;<\/li>\n\n\n\n<li><strong>Terapia r\u0119ki I i II stopnia<\/strong><br>prowadz\u0105cy: dr Rafa\u0142 Rutkowski<br>organizator: Centrum Szkoleniowe Soyer.<\/li>\n<\/ul>\n","protected":false},"excerpt":{"rendered":"<p>Nazywam si\u0119 Olga Koziarek. Jestem neurologoped\u0105, logoped\u0105 ortognatycznym i logoped\u0105 wczesnej interwencji. Prowadz\u0119 gabinet logopedyczny \u201eGagatki\u201d oraz pracuj\u0119 w SPS ZOZ \u201eZdroje\u201d w Szczecinie. Uko\u0144czy\u0142am studia magisterskie na kierunku logopedia z zakresu neurologopedii i wczesnej interwencji logopedycznej na Uniwersytecie Gda\u0144skim oraz studia licencjackie na kierunku pedagogika specjalna ze specjalno\u015bci\u0105 logopedia szkolna i pedagogika wczesnej edukacji &hellip; <\/p>\n<p class=\"link-more\"><a href=\"http:\/\/gagatki.com.pl\/index.php\/mgr-olga-koziarek\/\" class=\"more-link\">Czytaj dalej<span class=\"screen-reader-text\"> \u201emgr Olga Koziarek\u201d<\/span><\/a><\/p>\n","protected":false},"author":1,"featured_media":0,"parent":0,"menu_order":0,"comment_status":"closed","ping_status":"closed","template":"","meta":{"footnotes":""},"class_list":["post-472","page","type-page","status-publish","hentry"],"_links":{"self":[{"href":"http:\/\/gagatki.com.pl\/index.php\/wp-json\/wp\/v2\/pages\/472","targetHints":{"allow":["GET"]}}],"collection":[{"href":"http:\/\/gagatki.com.pl\/index.php\/wp-json\/wp\/v2\/pages"}],"about":[{"href":"http:\/\/gagatki.com.pl\/index.php\/wp-json\/wp\/v2\/types\/page"}],"author":[{"embeddable":true,"href":"http:\/\/gagatki.com.pl\/index.php\/wp-json\/wp\/v2\/users\/1"}],"replies":[{"embeddable":true,"href":"http:\/\/gagatki.com.pl\/index.php\/wp-json\/wp\/v2\/comments?post=472"}],"version-history":[{"count":17,"href":"http:\/\/gagatki.com.pl\/index.php\/wp-json\/wp\/v2\/pages\/472\/revisions"}],"predecessor-version":[{"id":738,"href":"http:\/\/gagatki.com.pl\/index.php\/wp-json\/wp\/v2\/pages\/472\/revisions\/738"}],"wp:attachment":[{"href":"http:\/\/gagatki.com.pl\/index.php\/wp-json\/wp\/v2\/media?parent=472"}],"curies":[{"name":"wp","href":"https:\/\/api.w.org\/{rel}","templated":true}]}}