{"id":318,"date":"2022-12-12T18:34:55","date_gmt":"2022-12-12T17:34:55","guid":{"rendered":"http:\/\/gagatki.com.pl\/?page_id=318"},"modified":"2026-04-03T21:22:09","modified_gmt":"2026-04-03T19:22:09","slug":"gabinet","status":"publish","type":"page","link":"http:\/\/gagatki.com.pl\/index.php\/gabinet\/","title":{"rendered":"Oferta"},"content":{"rendered":"\n<p>Zapraszamy na konsultacje, terapie i warsztaty w centrum Szczecina. <br>Aby um\u00f3wi\u0107 si\u0119 na wizyt\u0119, prosimy o <a href=\"http:\/\/gagatki.com.pl\/index.php\/kontakt\/\" data-type=\"page\" data-id=\"10\">kontakt<\/a> telefoniczny lub mailowy. Zach\u0119camy tak\u017ce do skorzystania z mo\u017cliwo\u015bci rezerwacji online.<\/p>\n\n\n\n<div class=\"wp-block-buttons is-layout-flex wp-block-buttons-is-layout-flex\">\n<div class=\"wp-block-button\"><a class=\"wp-block-button__link wp-element-button\" href=\"https:\/\/gagatki-gabinet-logopedyczny-olga-koziarek.reservio.com\">Zarezerwuj teraz<\/a><\/div>\n<\/div>\n\n\n\n<p><\/p>\n\n\n\n<p class=\"has-medium-font-size\">Us\u0142ugi oferowane w gabinecie:<\/p>\n\n\n\n<p>&#8211; <a href=\"http:\/\/gagatki.com.pl\/index.php\/konsultacje-noworodkow-i-niemowlat\/\" data-type=\"page\" data-id=\"499\">wczesna interwencja logopedyczna (konsultacja i terapia noworodk\u00f3w i niemowl\u0105t)<\/a>,<br>&#8211; <a href=\"http:\/\/gagatki.com.pl\/index.php\/diagnoza-i-terapia-logopedyczna\/\" data-type=\"page\" data-id=\"497\">diagnoza logopedyczna\/neurologopedyczna<\/a>,<br>&#8211; <a href=\"http:\/\/gagatki.com.pl\/index.php\/diagnoza-i-terapia-logopedyczna\/\" data-type=\"page\" data-id=\"497\">terapia wad wymowy<\/a>,<br>&#8211; <a href=\"http:\/\/gagatki.com.pl\/index.php\/diagnoza-i-terapia-logopedyczna\/\" data-type=\"page\" data-id=\"497\">terapia op\u00f3\u017anionego rozwoju mowy<\/a>,<br>&#8211; <a href=\"http:\/\/gagatki.com.pl\/index.php\/konsultacje-noworodkow-i-niemowlat\/\" data-type=\"page\" data-id=\"499\">diagnoza skr\u00f3conych w\u0119dzide\u0142ek jamy ustnej<\/a>,<br>&#8211; <a href=\"http:\/\/gagatki.com.pl\/index.php\/diagnoza-i-terapia-logopedyczna\/\" data-type=\"page\" data-id=\"497\">terapia miofunkcjonalna<\/a>,<br>&#8211; elastyczny taping terapeutyczy,<br>&#8211; badanie s\u0142uchu fonemowego testem KOSF,<br>&#8211; badanie ryzyka wyst\u0105pienia dysleksji testem SWM,<br>&#8211; wspieranie terapii innych specjalno\u015bci (np. leczenia ortodontycznego),<br>&#8211; <a href=\"http:\/\/gagatki.com.pl\/index.php\/terapia-reki\/\" data-type=\"page\" data-id=\"501\">terapia r\u0119ki<\/a>,<br>&#8211; <a href=\"http:\/\/gagatki.com.pl\/index.php\/zajecia-ogolnorozwojowe\/\" data-type=\"page\" data-id=\"503\">zaj\u0119cia og\u00f3lnorozwojowe<\/a>,<br>&#8211;<a href=\"http:\/\/gagatki.com.pl\/index.php\/konsultacje-pedagogiczne\/\" data-type=\"page\" data-id=\"505\"> konsultacje pedagogiczne dla rodzic\u00f3w<\/a>,<br>&#8211; <a href=\"http:\/\/gagatki.com.pl\/index.php\/warsztaty\/\" data-type=\"page\" data-id=\"512\">warsztaty<\/a>.<\/p>\n\n\n\n<div class=\"wp-block-columns is-layout-flex wp-container-core-columns-is-layout-9d6595d7 wp-block-columns-is-layout-flex\">\n<div class=\"wp-block-column is-layout-flow wp-block-column-is-layout-flow\">\n<div class=\"wp-block-buttons is-layout-flex wp-block-buttons-is-layout-flex\">\n<div class=\"wp-block-button\"><a class=\"wp-block-button__link wp-element-button\" href=\"https:\/\/drive.google.com\/file\/d\/15TJZVv2HGa8UIVFJ6M1WGjomy54GpYGo\/view?usp=sharing\">REGULAMIN<\/a><\/div>\n<\/div>\n<\/div>\n\n\n\n<div class=\"wp-block-column is-layout-flow wp-block-column-is-layout-flow\"><\/div>\n<\/div>\n\n\n\n<div class=\"wp-block-columns is-layout-flex wp-container-core-columns-is-layout-9d6595d7 wp-block-columns-is-layout-flex\">\n<div class=\"wp-block-column is-layout-flow wp-block-column-is-layout-flow\">\n<div class=\"wp-block-columns is-layout-flex wp-container-core-columns-is-layout-9d6595d7 wp-block-columns-is-layout-flex\">\n<div class=\"wp-block-column is-layout-flow wp-block-column-is-layout-flow\">\n<div class=\"wp-block-columns is-layout-flex wp-container-core-columns-is-layout-9d6595d7 wp-block-columns-is-layout-flex\">\n<div class=\"wp-block-column is-layout-flow wp-block-column-is-layout-flow\">\n<figure class=\"wp-block-gallery has-nested-images columns-default is-cropped wp-block-gallery-1 is-layout-flex wp-block-gallery-is-layout-flex\">\n<figure class=\"wp-block-image size-large\"><img loading=\"lazy\" decoding=\"async\" width=\"769\" height=\"1024\" data-id=\"618\" src=\"http:\/\/gagatki.com.pl\/wp-content\/uploads\/2025\/08\/Zdjecie-WhatsApp-2025-08-22-o-13.57.09_0725cdfd-769x1024.jpg\" alt=\"\" class=\"wp-image-618\" srcset=\"http:\/\/gagatki.com.pl\/wp-content\/uploads\/2025\/08\/Zdjecie-WhatsApp-2025-08-22-o-13.57.09_0725cdfd-769x1024.jpg 769w, http:\/\/gagatki.com.pl\/wp-content\/uploads\/2025\/08\/Zdjecie-WhatsApp-2025-08-22-o-13.57.09_0725cdfd-225x300.jpg 225w, http:\/\/gagatki.com.pl\/wp-content\/uploads\/2025\/08\/Zdjecie-WhatsApp-2025-08-22-o-13.57.09_0725cdfd-768x1023.jpg 768w, http:\/\/gagatki.com.pl\/wp-content\/uploads\/2025\/08\/Zdjecie-WhatsApp-2025-08-22-o-13.57.09_0725cdfd-1153x1536.jpg 1153w, http:\/\/gagatki.com.pl\/wp-content\/uploads\/2025\/08\/Zdjecie-WhatsApp-2025-08-22-o-13.57.09_0725cdfd.jpg 1537w\" sizes=\"auto, (max-width: 767px) 89vw, (max-width: 1000px) 54vw, (max-width: 1071px) 543px, 580px\" \/><\/figure>\n\n\n\n<figure class=\"wp-block-image size-large\"><img loading=\"lazy\" decoding=\"async\" width=\"769\" height=\"1024\" data-id=\"614\" src=\"http:\/\/gagatki.com.pl\/wp-content\/uploads\/2025\/08\/Zdjecie-WhatsApp-2025-08-22-o-13.57.09_37b422be-769x1024.jpg\" alt=\"\" class=\"wp-image-614\" srcset=\"http:\/\/gagatki.com.pl\/wp-content\/uploads\/2025\/08\/Zdjecie-WhatsApp-2025-08-22-o-13.57.09_37b422be-769x1024.jpg 769w, http:\/\/gagatki.com.pl\/wp-content\/uploads\/2025\/08\/Zdjecie-WhatsApp-2025-08-22-o-13.57.09_37b422be-225x300.jpg 225w, http:\/\/gagatki.com.pl\/wp-content\/uploads\/2025\/08\/Zdjecie-WhatsApp-2025-08-22-o-13.57.09_37b422be-768x1023.jpg 768w, http:\/\/gagatki.com.pl\/wp-content\/uploads\/2025\/08\/Zdjecie-WhatsApp-2025-08-22-o-13.57.09_37b422be-1153x1536.jpg 1153w, http:\/\/gagatki.com.pl\/wp-content\/uploads\/2025\/08\/Zdjecie-WhatsApp-2025-08-22-o-13.57.09_37b422be.jpg 1537w\" sizes=\"auto, (max-width: 767px) 89vw, (max-width: 1000px) 54vw, (max-width: 1071px) 543px, 580px\" \/><\/figure>\n\n\n\n<figure class=\"wp-block-image size-large\"><img loading=\"lazy\" decoding=\"async\" width=\"769\" height=\"1024\" data-id=\"616\" src=\"http:\/\/gagatki.com.pl\/wp-content\/uploads\/2025\/08\/Zdjecie-WhatsApp-2025-08-22-o-13.57.10_063cc30a-769x1024.jpg\" alt=\"\" class=\"wp-image-616\" srcset=\"http:\/\/gagatki.com.pl\/wp-content\/uploads\/2025\/08\/Zdjecie-WhatsApp-2025-08-22-o-13.57.10_063cc30a-769x1024.jpg 769w, http:\/\/gagatki.com.pl\/wp-content\/uploads\/2025\/08\/Zdjecie-WhatsApp-2025-08-22-o-13.57.10_063cc30a-225x300.jpg 225w, http:\/\/gagatki.com.pl\/wp-content\/uploads\/2025\/08\/Zdjecie-WhatsApp-2025-08-22-o-13.57.10_063cc30a-768x1023.jpg 768w, http:\/\/gagatki.com.pl\/wp-content\/uploads\/2025\/08\/Zdjecie-WhatsApp-2025-08-22-o-13.57.10_063cc30a-1153x1536.jpg 1153w, http:\/\/gagatki.com.pl\/wp-content\/uploads\/2025\/08\/Zdjecie-WhatsApp-2025-08-22-o-13.57.10_063cc30a.jpg 1537w\" sizes=\"auto, (max-width: 767px) 89vw, (max-width: 1000px) 54vw, (max-width: 1071px) 543px, 580px\" \/><\/figure>\n\n\n\n<figure class=\"wp-block-image size-large\"><img loading=\"lazy\" decoding=\"async\" width=\"769\" height=\"1024\" data-id=\"613\" src=\"http:\/\/gagatki.com.pl\/wp-content\/uploads\/2025\/08\/Zdjecie-WhatsApp-2025-08-22-o-13.57.54_bac25aed-769x1024.jpg\" alt=\"\" class=\"wp-image-613\" srcset=\"http:\/\/gagatki.com.pl\/wp-content\/uploads\/2025\/08\/Zdjecie-WhatsApp-2025-08-22-o-13.57.54_bac25aed-769x1024.jpg 769w, http:\/\/gagatki.com.pl\/wp-content\/uploads\/2025\/08\/Zdjecie-WhatsApp-2025-08-22-o-13.57.54_bac25aed-225x300.jpg 225w, http:\/\/gagatki.com.pl\/wp-content\/uploads\/2025\/08\/Zdjecie-WhatsApp-2025-08-22-o-13.57.54_bac25aed-768x1023.jpg 768w, http:\/\/gagatki.com.pl\/wp-content\/uploads\/2025\/08\/Zdjecie-WhatsApp-2025-08-22-o-13.57.54_bac25aed-1153x1536.jpg 1153w, http:\/\/gagatki.com.pl\/wp-content\/uploads\/2025\/08\/Zdjecie-WhatsApp-2025-08-22-o-13.57.54_bac25aed.jpg 1537w\" sizes=\"auto, (max-width: 767px) 89vw, (max-width: 1000px) 54vw, (max-width: 1071px) 543px, 580px\" \/><\/figure>\n\n\n\n<figure class=\"wp-block-image size-large\"><img loading=\"lazy\" decoding=\"async\" width=\"769\" height=\"1024\" data-id=\"615\" src=\"http:\/\/gagatki.com.pl\/wp-content\/uploads\/2025\/08\/Zdjecie-WhatsApp-2025-08-22-o-13.57.54_c8346644-769x1024.jpg\" alt=\"\" class=\"wp-image-615\" srcset=\"http:\/\/gagatki.com.pl\/wp-content\/uploads\/2025\/08\/Zdjecie-WhatsApp-2025-08-22-o-13.57.54_c8346644-769x1024.jpg 769w, http:\/\/gagatki.com.pl\/wp-content\/uploads\/2025\/08\/Zdjecie-WhatsApp-2025-08-22-o-13.57.54_c8346644-225x300.jpg 225w, http:\/\/gagatki.com.pl\/wp-content\/uploads\/2025\/08\/Zdjecie-WhatsApp-2025-08-22-o-13.57.54_c8346644-768x1023.jpg 768w, http:\/\/gagatki.com.pl\/wp-content\/uploads\/2025\/08\/Zdjecie-WhatsApp-2025-08-22-o-13.57.54_c8346644-1153x1536.jpg 1153w, http:\/\/gagatki.com.pl\/wp-content\/uploads\/2025\/08\/Zdjecie-WhatsApp-2025-08-22-o-13.57.54_c8346644.jpg 1537w\" sizes=\"auto, (max-width: 767px) 89vw, (max-width: 1000px) 54vw, (max-width: 1071px) 543px, 580px\" \/><\/figure>\n\n\n\n<figure class=\"wp-block-image size-large\"><img loading=\"lazy\" decoding=\"async\" width=\"769\" height=\"1024\" data-id=\"617\" src=\"http:\/\/gagatki.com.pl\/wp-content\/uploads\/2025\/08\/Zdjecie-WhatsApp-2025-08-22-o-13.57.10_97bff98e-769x1024.jpg\" alt=\"\" class=\"wp-image-617\" srcset=\"http:\/\/gagatki.com.pl\/wp-content\/uploads\/2025\/08\/Zdjecie-WhatsApp-2025-08-22-o-13.57.10_97bff98e-769x1024.jpg 769w, http:\/\/gagatki.com.pl\/wp-content\/uploads\/2025\/08\/Zdjecie-WhatsApp-2025-08-22-o-13.57.10_97bff98e-225x300.jpg 225w, http:\/\/gagatki.com.pl\/wp-content\/uploads\/2025\/08\/Zdjecie-WhatsApp-2025-08-22-o-13.57.10_97bff98e-768x1023.jpg 768w, http:\/\/gagatki.com.pl\/wp-content\/uploads\/2025\/08\/Zdjecie-WhatsApp-2025-08-22-o-13.57.10_97bff98e-1153x1536.jpg 1153w, http:\/\/gagatki.com.pl\/wp-content\/uploads\/2025\/08\/Zdjecie-WhatsApp-2025-08-22-o-13.57.10_97bff98e.jpg 1537w\" sizes=\"auto, (max-width: 767px) 89vw, (max-width: 1000px) 54vw, (max-width: 1071px) 543px, 580px\" \/><\/figure>\n\n\n\n<figure class=\"wp-block-image size-large\"><img loading=\"lazy\" decoding=\"async\" width=\"769\" height=\"1024\" data-id=\"619\" src=\"http:\/\/gagatki.com.pl\/wp-content\/uploads\/2025\/08\/Zdjecie-WhatsApp-2025-08-22-o-13.57.10_c672d111-769x1024.jpg\" alt=\"\" class=\"wp-image-619\" srcset=\"http:\/\/gagatki.com.pl\/wp-content\/uploads\/2025\/08\/Zdjecie-WhatsApp-2025-08-22-o-13.57.10_c672d111-769x1024.jpg 769w, http:\/\/gagatki.com.pl\/wp-content\/uploads\/2025\/08\/Zdjecie-WhatsApp-2025-08-22-o-13.57.10_c672d111-225x300.jpg 225w, http:\/\/gagatki.com.pl\/wp-content\/uploads\/2025\/08\/Zdjecie-WhatsApp-2025-08-22-o-13.57.10_c672d111-768x1023.jpg 768w, http:\/\/gagatki.com.pl\/wp-content\/uploads\/2025\/08\/Zdjecie-WhatsApp-2025-08-22-o-13.57.10_c672d111-1153x1536.jpg 1153w, http:\/\/gagatki.com.pl\/wp-content\/uploads\/2025\/08\/Zdjecie-WhatsApp-2025-08-22-o-13.57.10_c672d111.jpg 1537w\" sizes=\"auto, (max-width: 767px) 89vw, (max-width: 1000px) 54vw, (max-width: 1071px) 543px, 580px\" \/><\/figure>\n<\/figure>\n<\/div>\n<\/div>\n<\/div>\n<\/div>\n<\/div>\n<\/div>\n","protected":false},"excerpt":{"rendered":"<p>Zapraszamy na konsultacje, terapie i warsztaty w centrum Szczecina. Aby um\u00f3wi\u0107 si\u0119 na wizyt\u0119, prosimy o kontakt telefoniczny lub mailowy. Zach\u0119camy tak\u017ce do skorzystania z mo\u017cliwo\u015bci rezerwacji online. Us\u0142ugi oferowane w gabinecie: &#8211; wczesna interwencja logopedyczna (konsultacja i terapia noworodk\u00f3w i niemowl\u0105t),&#8211; diagnoza logopedyczna\/neurologopedyczna,&#8211; terapia wad wymowy,&#8211; terapia op\u00f3\u017anionego rozwoju mowy,&#8211; diagnoza skr\u00f3conych w\u0119dzide\u0142ek jamy &hellip; <\/p>\n<p class=\"link-more\"><a href=\"http:\/\/gagatki.com.pl\/index.php\/gabinet\/\" class=\"more-link\">Czytaj dalej<span class=\"screen-reader-text\"> \u201eOferta\u201d<\/span><\/a><\/p>\n","protected":false},"author":1,"featured_media":0,"parent":0,"menu_order":2,"comment_status":"closed","ping_status":"closed","template":"","meta":{"footnotes":""},"class_list":["post-318","page","type-page","status-publish","hentry"],"_links":{"self":[{"href":"http:\/\/gagatki.com.pl\/index.php\/wp-json\/wp\/v2\/pages\/318","targetHints":{"allow":["GET"]}}],"collection":[{"href":"http:\/\/gagatki.com.pl\/index.php\/wp-json\/wp\/v2\/pages"}],"about":[{"href":"http:\/\/gagatki.com.pl\/index.php\/wp-json\/wp\/v2\/types\/page"}],"author":[{"embeddable":true,"href":"http:\/\/gagatki.com.pl\/index.php\/wp-json\/wp\/v2\/users\/1"}],"replies":[{"embeddable":true,"href":"http:\/\/gagatki.com.pl\/index.php\/wp-json\/wp\/v2\/comments?post=318"}],"version-history":[{"count":36,"href":"http:\/\/gagatki.com.pl\/index.php\/wp-json\/wp\/v2\/pages\/318\/revisions"}],"predecessor-version":[{"id":789,"href":"http:\/\/gagatki.com.pl\/index.php\/wp-json\/wp\/v2\/pages\/318\/revisions\/789"}],"wp:attachment":[{"href":"http:\/\/gagatki.com.pl\/index.php\/wp-json\/wp\/v2\/media?parent=318"}],"curies":[{"name":"wp","href":"https:\/\/api.w.org\/{rel}","templated":true}]}}